{"id":124,"date":"2025-08-27T02:17:55","date_gmt":"2025-08-27T05:17:55","guid":{"rendered":"https:\/\/feminismografico.com\/?page_id=124"},"modified":"2025-09-18T18:03:42","modified_gmt":"2025-09-18T21:03:42","slug":"inicio","status":"publish","type":"page","link":"https:\/\/feminismografico.com\/","title":{"rendered":"Inicio"},"content":{"rendered":"\n<figure class=\"wp-block-gallery has-nested-images columns-default is-cropped hide has-cyan-bluish-gray-background-color has-background wp-block-gallery-1 is-layout-flex wp-block-gallery-is-layout-flex\" id=\"home_svgs\">\n<figure class=\"wp-block-image size-large\"><img loading=\"lazy\" decoding=\"async\" width=\"248\" height=\"66\" data-id=\"643\" src=\"https:\/\/feminismografico.com\/wp-content\/uploads\/2025\/09\/nosotras_contamos_w_01.svg\" alt=\"\" class=\"wp-image-643\"\/><\/figure>\n\n\n\n<figure class=\"wp-block-image size-large\"><img loading=\"lazy\" decoding=\"async\" width=\"248\" height=\"66\" data-id=\"645\" src=\"https:\/\/feminismografico.com\/wp-content\/uploads\/2025\/09\/nosotras_contamos_w_02.svg\" alt=\"\" class=\"wp-image-645\"\/><\/figure>\n\n\n\n<figure class=\"wp-block-image size-large\"><img loading=\"lazy\" decoding=\"async\" width=\"248\" height=\"66\" data-id=\"647\" src=\"https:\/\/feminismografico.com\/wp-content\/uploads\/2025\/09\/nosotras_contamos_w_03.svg\" alt=\"\" class=\"wp-image-647\"\/><\/figure>\n\n\n\n<figure class=\"wp-block-image size-large\"><img loading=\"lazy\" decoding=\"async\" width=\"248\" height=\"66\" data-id=\"648\" src=\"https:\/\/feminismografico.com\/wp-content\/uploads\/2025\/09\/nosotras_contamos_w_04.svg\" alt=\"\" class=\"wp-image-648\"\/><\/figure>\n\n\n\n<figure class=\"wp-block-image size-large\"><img loading=\"lazy\" decoding=\"async\" width=\"248\" height=\"66\" data-id=\"649\" src=\"https:\/\/feminismografico.com\/wp-content\/uploads\/2025\/09\/nosotras_contamos_w_05.svg\" alt=\"\" class=\"wp-image-649\"\/><\/figure>\n<\/figure>\n\n\n\n<figure class=\"wp-block-gallery has-nested-images columns-default is-cropped hide wp-block-gallery-2 is-layout-flex wp-block-gallery-is-layout-flex\" id=\"home_backgrounds\">\n<figure class=\"wp-block-image size-large\"><a href=\"https:\/\/feminismografico.com\/?autora=jazmin-varela-2\"><img loading=\"lazy\" decoding=\"async\" width=\"1024\" height=\"418\" data-id=\"269\" src=\"https:\/\/feminismografico.com\/wp-content\/uploads\/2025\/09\/HNC_51-1024x418.jpg\" alt=\"\" class=\"wp-image-269\" srcset=\"https:\/\/feminismografico.com\/wp-content\/uploads\/2025\/09\/HNC_51-1024x418.jpg 1024w, https:\/\/feminismografico.com\/wp-content\/uploads\/2025\/09\/HNC_51-1600x653.jpg 1600w, https:\/\/feminismografico.com\/wp-content\/uploads\/2025\/09\/HNC_51-300x122.jpg 300w\" sizes=\"auto, (max-width: 1024px) 100vw, 1024px\" \/><\/a><figcaption class=\"wp-element-caption\">Jazmin Varela<\/figcaption><\/figure>\n\n\n\n<figure class=\"wp-block-image size-large\"><a href=\"https:\/\/feminismografico.com\/?autora=idelba-lidia-dapueto\"><img loading=\"lazy\" decoding=\"async\" width=\"1024\" height=\"418\" data-id=\"273\" src=\"https:\/\/feminismografico.com\/wp-content\/uploads\/2025\/09\/HNC_02-1024x418.jpg\" alt=\"\" class=\"wp-image-273\" srcset=\"https:\/\/feminismografico.com\/wp-content\/uploads\/2025\/09\/HNC_02-1024x418.jpg 1024w, https:\/\/feminismografico.com\/wp-content\/uploads\/2025\/09\/HNC_02-1600x653.jpg 1600w, https:\/\/feminismografico.com\/wp-content\/uploads\/2025\/09\/HNC_02-300x122.jpg 300w\" sizes=\"auto, (max-width: 1024px) 100vw, 1024px\" \/><\/a><\/figure>\n\n\n\n<figure class=\"wp-block-image size-large\"><a href=\"https:\/\/feminismografico.com\/?autora=cons-oroza\"><img loading=\"lazy\" decoding=\"async\" width=\"1024\" height=\"418\" data-id=\"281\" src=\"https:\/\/feminismografico.com\/wp-content\/uploads\/2025\/09\/HNC_76-1024x418.jpg\" alt=\"\" class=\"wp-image-281\" srcset=\"https:\/\/feminismografico.com\/wp-content\/uploads\/2025\/09\/HNC_76-1024x418.jpg 1024w, https:\/\/feminismografico.com\/wp-content\/uploads\/2025\/09\/HNC_76-1600x653.jpg 1600w, https:\/\/feminismografico.com\/wp-content\/uploads\/2025\/09\/HNC_76-300x122.jpg 300w\" sizes=\"auto, (max-width: 1024px) 100vw, 1024px\" \/><\/a><\/figure>\n\n\n\n<figure class=\"wp-block-image size-large\"><a href=\"https:\/\/feminismografico.com\/?autora=nacha-vollenweider\"><img loading=\"lazy\" decoding=\"async\" width=\"1024\" height=\"418\" data-id=\"280\" src=\"https:\/\/feminismografico.com\/wp-content\/uploads\/2025\/09\/HNC_46-1024x418.jpg\" alt=\"\" class=\"wp-image-280\" srcset=\"https:\/\/feminismografico.com\/wp-content\/uploads\/2025\/09\/HNC_46-1024x418.jpg 1024w, https:\/\/feminismografico.com\/wp-content\/uploads\/2025\/09\/HNC_46-1600x653.jpg 1600w, https:\/\/feminismografico.com\/wp-content\/uploads\/2025\/09\/HNC_46-300x122.jpg 300w\" sizes=\"auto, (max-width: 1024px) 100vw, 1024px\" \/><\/a><\/figure>\n\n\n\n<figure class=\"wp-block-image size-large\"><a href=\"https:\/\/feminismografico.com\/?autora=dani-ruggeri\"><img loading=\"lazy\" decoding=\"async\" width=\"1600\" height=\"653\" data-id=\"492\" src=\"https:\/\/feminismografico.com\/wp-content\/uploads\/2025\/09\/HNC_36-1-1600x653.jpg\" alt=\"\" class=\"wp-image-492\" srcset=\"https:\/\/feminismografico.com\/wp-content\/uploads\/2025\/09\/HNC_36-1-1600x653.jpg 1600w, https:\/\/feminismografico.com\/wp-content\/uploads\/2025\/09\/HNC_36-1-300x122.jpg 300w\" sizes=\"auto, (max-width: 1600px) 100vw, 1600px\" \/><\/a><\/figure>\n\n\n\n<figure class=\"wp-block-image size-large\"><a href=\"https:\/\/feminismografico.com\/?autora=martha-barnes\"><img loading=\"lazy\" decoding=\"async\" width=\"1024\" height=\"418\" data-id=\"274\" src=\"https:\/\/feminismografico.com\/wp-content\/uploads\/2025\/09\/HNC_03-1024x418.jpg\" alt=\"\" class=\"wp-image-274\" srcset=\"https:\/\/feminismografico.com\/wp-content\/uploads\/2025\/09\/HNC_03-1024x418.jpg 1024w, https:\/\/feminismografico.com\/wp-content\/uploads\/2025\/09\/HNC_03-1600x653.jpg 1600w, https:\/\/feminismografico.com\/wp-content\/uploads\/2025\/09\/HNC_03-300x122.jpg 300w\" sizes=\"auto, (max-width: 1024px) 100vw, 1024px\" \/><\/a><\/figure>\n\n\n\n<figure class=\"wp-block-image size-large\"><a href=\"https:\/\/feminismografico.com\/?autora=alejandra-lunik\"><img loading=\"lazy\" decoding=\"async\" width=\"1024\" height=\"418\" data-id=\"270\" src=\"https:\/\/feminismografico.com\/wp-content\/uploads\/2025\/09\/HNC_23-1024x418.jpg\" alt=\"\" class=\"wp-image-270\" srcset=\"https:\/\/feminismografico.com\/wp-content\/uploads\/2025\/09\/HNC_23-1024x418.jpg 1024w, https:\/\/feminismografico.com\/wp-content\/uploads\/2025\/09\/HNC_23-1600x653.jpg 1600w, https:\/\/feminismografico.com\/wp-content\/uploads\/2025\/09\/HNC_23-300x122.jpg 300w\" sizes=\"auto, (max-width: 1024px) 100vw, 1024px\" \/><\/a><\/figure>\n\n\n\n<figure class=\"wp-block-image size-large\"><a href=\"https:\/\/feminismografico.com\/?autora=blanca-cotta-cerebela\"><img loading=\"lazy\" decoding=\"async\" width=\"1024\" height=\"418\" data-id=\"271\" src=\"https:\/\/feminismografico.com\/wp-content\/uploads\/2025\/09\/HNC_07-1024x418.jpg\" alt=\"\" class=\"wp-image-271\" srcset=\"https:\/\/feminismografico.com\/wp-content\/uploads\/2025\/09\/HNC_07-1024x418.jpg 1024w, https:\/\/feminismografico.com\/wp-content\/uploads\/2025\/09\/HNC_07-1600x653.jpg 1600w, https:\/\/feminismografico.com\/wp-content\/uploads\/2025\/09\/HNC_07-300x122.jpg 300w\" sizes=\"auto, (max-width: 1024px) 100vw, 1024px\" \/><\/a><\/figure>\n\n\n\n<figure class=\"wp-block-image size-large\"><a href=\"https:\/\/feminismografico.com\/?autora=gisela-dester\"><img loading=\"lazy\" decoding=\"async\" width=\"1024\" height=\"418\" data-id=\"146\" src=\"https:\/\/feminismografico.com\/wp-content\/uploads\/2025\/08\/NC_06-1024x418.png\" alt=\"\" class=\"wp-image-146\" srcset=\"https:\/\/feminismografico.com\/wp-content\/uploads\/2025\/08\/NC_06-1024x418.png 1024w, https:\/\/feminismografico.com\/wp-content\/uploads\/2025\/08\/NC_06-1600x653.png 1600w, https:\/\/feminismografico.com\/wp-content\/uploads\/2025\/08\/NC_06-300x122.png 300w, https:\/\/feminismografico.com\/wp-content\/uploads\/2025\/08\/NC_06.png 1924w\" sizes=\"auto, (max-width: 1024px) 100vw, 1024px\" \/><\/a><\/figure>\n\n\n\n<figure class=\"wp-block-image size-large\"><a href=\"https:\/\/feminismografico.com\/?autora=delius-2\"><img loading=\"lazy\" decoding=\"async\" width=\"1600\" height=\"653\" data-id=\"447\" src=\"https:\/\/feminismografico.com\/wp-content\/uploads\/2025\/09\/HNC_28-1600x653.jpg\" alt=\"\" class=\"wp-image-447\" srcset=\"https:\/\/feminismografico.com\/wp-content\/uploads\/2025\/09\/HNC_28-1600x653.jpg 1600w, https:\/\/feminismografico.com\/wp-content\/uploads\/2025\/09\/HNC_28-300x122.jpg 300w\" sizes=\"auto, (max-width: 1600px) 100vw, 1600px\" \/><\/a><\/figure>\n\n\n\n<figure class=\"wp-block-image size-large\"><a href=\"https:\/\/feminismografico.com\/?autora=sylvia-bruno\"><img loading=\"lazy\" decoding=\"async\" width=\"1024\" height=\"418\" data-id=\"276\" src=\"https:\/\/feminismografico.com\/wp-content\/uploads\/2025\/09\/HNC_18-1024x418.jpg\" alt=\"\" class=\"wp-image-276\" srcset=\"https:\/\/feminismografico.com\/wp-content\/uploads\/2025\/09\/HNC_18-1024x418.jpg 1024w, https:\/\/feminismografico.com\/wp-content\/uploads\/2025\/09\/HNC_18-1600x653.jpg 1600w, https:\/\/feminismografico.com\/wp-content\/uploads\/2025\/09\/HNC_18-300x122.jpg 300w\" sizes=\"auto, (max-width: 1024px) 100vw, 1024px\" \/><\/a><\/figure>\n<\/figure>\n\n\n\n<p>Nosotras Contamos se propone recopilar, recuperar y visibilizar a autoras de historieta y humor gr\u00e1fico de Argentina, desde inicios del siglo XX hasta la actualidad. Busca construir una genealog\u00eda del medio historiet\u00edstico local desde la perspectiva de g\u00e9neros y diversidades. No se trata solo de reponer la presencia de mujeres historietistas sino de repensar el campo gr\u00e1fico de la producci\u00f3n de vi\u00f1etas y sus narrativas, personajes y creadoras.<\/p>\n\n\n\n<p>Ante la usual construcci\u00f3n que afirma que \u201cpocas mujeres hacen historieta\u201d, el archivo responde no solo con una enorme cantidad de autoras de todas las \u00e9pocas, sino tambi\u00e9n con un trabajo de interpretaci\u00f3n, divulgaci\u00f3n y recorridos m\u00faltiples para encontrar no s\u00f3lo una l\u00ednea temporal, sino tambi\u00e9n uniones tem\u00e1ticas que se cruzan y entretejen en una enorme diversidad de estilos y narrativas, proponiendo una genealog\u00eda que va m\u00e1s all\u00e1 de la l\u00ednea de tiempo.<\/p>\n\n\n\n<p><\/p>\n","protected":false},"excerpt":{"rendered":"<p>Nosotras Contamos se propone recopilar, recuperar y visibilizar a autoras de historieta y humor gr\u00e1fico de Argentina, desde inicios del siglo XX hasta la actualidad. Busca construir una genealog\u00eda del medio historiet\u00edstico local desde la perspectiva de g\u00e9neros y diversidades. No se trata solo de reponer la presencia de mujeres historietistas sino de repensar el <a href=\"https:\/\/feminismografico.com\/\" class=\"more-link\">&#8230;<span class=\"screen-reader-text\">  Inicio<\/span><\/a><\/p>\n","protected":false},"author":1,"featured_media":0,"parent":0,"menu_order":0,"comment_status":"closed","ping_status":"closed","template":"page-home.php","meta":{"_acf_changed":false,"inline_featured_image":false,"footnotes":""},"class_list":["post-124","page","type-page","status-publish","hentry"],"acf":[],"_links":{"self":[{"href":"https:\/\/feminismografico.com\/index.php?rest_route=\/wp\/v2\/pages\/124","targetHints":{"allow":["GET"]}}],"collection":[{"href":"https:\/\/feminismografico.com\/index.php?rest_route=\/wp\/v2\/pages"}],"about":[{"href":"https:\/\/feminismografico.com\/index.php?rest_route=\/wp\/v2\/types\/page"}],"author":[{"embeddable":true,"href":"https:\/\/feminismografico.com\/index.php?rest_route=\/wp\/v2\/users\/1"}],"replies":[{"embeddable":true,"href":"https:\/\/feminismografico.com\/index.php?rest_route=%2Fwp%2Fv2%2Fcomments&post=124"}],"version-history":[{"count":22,"href":"https:\/\/feminismografico.com\/index.php?rest_route=\/wp\/v2\/pages\/124\/revisions"}],"predecessor-version":[{"id":653,"href":"https:\/\/feminismografico.com\/index.php?rest_route=\/wp\/v2\/pages\/124\/revisions\/653"}],"wp:attachment":[{"href":"https:\/\/feminismografico.com\/index.php?rest_route=%2Fwp%2Fv2%2Fmedia&parent=124"}],"curies":[{"name":"wp","href":"https:\/\/api.w.org\/{rel}","templated":true}]}}